{"id":5439,"date":"2021-11-14T04:14:02","date_gmt":"2021-11-14T04:14:02","guid":{"rendered":"https:\/\/pugliapools.com\/enzo-2\/"},"modified":"2022-02-24T06:20:35","modified_gmt":"2022-02-24T05:20:35","slug":"enzo","status":"publish","type":"page","link":"https:\/\/pugliapools.com\/it\/enzo\/","title":{"rendered":"Enzo"},"content":{"rendered":"<\/p>\n<div id='full_slider_1'  class='avia-fullwidth-slider main_color avia-shadow   avia-builder-el-0  el_before_av_section  avia-builder-el-first   container_wrap sidebar_right'  ><div  class='avia-slideshow av-kuep6m1x-69f304be0e8b3210c0c854ee83b76421 avia-slideshow-featured av_slideshow_full avia-slide-slider av-slideshow-ui av-control-default av-slideshow-manual av-loop-once av-loop-manual-endless av-default-height-applied   avia-slideshow-1' data-slideshow-options=\"{&quot;animation&quot;:&quot;slide&quot;,&quot;autoplay&quot;:false,&quot;loop_autoplay&quot;:&quot;once&quot;,&quot;interval&quot;:5,&quot;loop_manual&quot;:&quot;manual-endless&quot;,&quot;autoplay_stopper&quot;:false,&quot;noNavigation&quot;:false,&quot;bg_slider&quot;:false,&quot;keep_padding&quot;:false,&quot;hoverpause&quot;:false,&quot;show_slide_delay&quot;:0}\"  itemprop=\"image\" itemscope=\"itemscope\" itemtype=\"https:\/\/schema.org\/ImageObject\" ><ul class='avia-slideshow-inner ' style='padding-bottom: 28.666666666667%;'><li  class='avia-slideshow-slide av-kuep6m1x-69f304be0e8b3210c0c854ee83b76421__0  av-single-slide slide-1 slide-odd'><div data-rel='slideshow-1' class='avia-slide-wrap '   ><img decoding=\"async\" fetchpriority=\"high\" class=\"wp-image-5273 avia-img-lazy-loading-not-5273\"  src=\"https:\/\/pugliapools.com\/wp-content\/uploads\/2021\/10\/Enzo_Main-1500x430.jpg\" width=\"1500\" height=\"430\" title='DCIM100MEDIADJI_0747.JPG' alt=''  itemprop=\"thumbnailUrl\"   \/><\/div><\/li><\/ul><\/div><\/div>\n<div id='av_section_1'  class='avia-section av-179mmf-45e5844af7f20e71967d63e079341cf9 main_color avia-section-default avia-no-border-styling  avia-builder-el-1  el_after_av_slideshow_full  el_before_av_section  avia-bg-style-scroll container_wrap sidebar_right'  ><div class='container av-section-cont-open' ><div class='template-page content  av-content-small alpha units'><div class='post-entry post-entry-type-page post-entry-5439'><div class='entry-content-wrapper clearfix'>\n<div  class='flex_column av-154fav-3f7d20f8c1a9d9e03d3ffaa7004977ea av_one_half  avia-builder-el-2  el_before_av_one_half  avia-builder-el-first  first flex_column_div  '     ><p>\n<style type=\"text\/css\" data-created_by=\"avia_inline_auto\" id=\"style-css-av-kuep799w-420f2892fa8c131b12758bef04b7d88f\">\n#top .av-special-heading.av-kuep799w-420f2892fa8c131b12758bef04b7d88f{\npadding-bottom:10px;\n}\nbody .av-special-heading.av-kuep799w-420f2892fa8c131b12758bef04b7d88f .av-special-heading-tag .heading-char{\nfont-size:25px;\n}\n.av-special-heading.av-kuep799w-420f2892fa8c131b12758bef04b7d88f .av-subheading{\nfont-size:15px;\n}\n<\/style>\n<div  class='av-special-heading av-kuep799w-420f2892fa8c131b12758bef04b7d88f av-special-heading-h2 blockquote modern-quote  avia-builder-el-3  el_before_av_hr  avia-builder-el-first '><div class='av-subheading av-subheading_above'><p>ARGOMENTO DI STUDIO<\/p>\n<\/div><h2 class='av-special-heading-tag '  itemprop=\"headline\"  >Enzo Pool Build<\/h2><div class=\"special-heading-border\"><div class=\"special-heading-inner-border\"><\/div><\/div><\/div><br \/>\n\n<style type=\"text\/css\" data-created_by=\"avia_inline_auto\" id=\"style-css-av-y8sy7-fc7354c51801b7f850db0883d3a2897d\">\n#top .hr.hr-invisible.av-y8sy7-fc7354c51801b7f850db0883d3a2897d{\nheight:15px;\n}\n<\/style>\n<div  class='hr av-y8sy7-fc7354c51801b7f850db0883d3a2897d hr-invisible  avia-builder-el-4  el_after_av_heading  el_before_av_textblock '><span class='hr-inner '><span class=\"hr-inner-style\"><\/span><\/span><\/div><br \/>\n<section  class='av_textblock_section av-kuep8iq9-238eceb6dc3e6b9abae8c4d465dc8fb5 '   itemscope=\"itemscope\" itemtype=\"https:\/\/schema.org\/CreativeWork\" ><div class='avia_textblock'  itemprop=\"text\" ><p>Macchinari pesanti e una forza lavoro dedicata hanno presto ritagliato il sito per questa splendida piscina pugliese. Il terreno \u00e8 stato rapidamente asportato e sostituito con una base in pietra compattata, \u00e8 stato quindi posto il calcestruzzo per sostenere la cassaforma in polistirene Isoblock che \u00e8 stata poi riempita di cemento armato per creare una vasca sicura.<\/p>\n<p>Gli ampi e rilassanti gradini laterali consentono di nuotare ininterrottamente e l&#8217;intera piscina \u00e8 rivestita con un rivestimento Alkorplan Touch Authentic.<\/p>\n<\/div><\/section><\/p><\/div><div  class='flex_column av-oym33-008603710face7fb0c6f6975045bc967 av_one_half  avia-builder-el-6  el_after_av_one_half  el_before_av_hr  flex_column_div  '     ><style type=\"text\/css\" data-created_by=\"avia_inline_auto\" id=\"style-css-av-kuep71by-6b998c40861c32addc1c458b44717d41\">\n.avia-image-container.av-kuep71by-6b998c40861c32addc1c458b44717d41 img.avia_image{\nbox-shadow:none;\n}\n.avia-image-container.av-kuep71by-6b998c40861c32addc1c458b44717d41 .av-image-caption-overlay-center{\ncolor:#ffffff;\n}\n<\/style>\n<div  class='avia-image-container av-kuep71by-6b998c40861c32addc1c458b44717d41 av-styling- avia-align-center  avia-builder-el-7  avia-builder-el-no-sibling '   itemprop=\"image\" itemscope=\"itemscope\" itemtype=\"https:\/\/schema.org\/ImageObject\" ><div class=\"avia-image-container-inner\"><div class=\"avia-image-overlay-wrap\"><img decoding=\"async\" fetchpriority=\"high\" class='wp-image-5247 avia-img-lazy-loading-not-5247 avia_image ' src=\"https:\/\/pugliapools.com\/wp-content\/uploads\/2021\/10\/Enzo_Case-Main.jpg\" alt='' title='Enzo_Case Main'  height=\"550\" width=\"725\"  itemprop=\"thumbnailUrl\" srcset=\"https:\/\/pugliapools.com\/wp-content\/uploads\/2021\/10\/Enzo_Case-Main.jpg 725w, https:\/\/pugliapools.com\/wp-content\/uploads\/2021\/10\/Enzo_Case-Main-300x228.jpg 300w, https:\/\/pugliapools.com\/wp-content\/uploads\/2021\/10\/Enzo_Case-Main-705x535.jpg 705w\" sizes=\"(max-width: 725px) 100vw, 725px\" \/><\/div><\/div><\/div><\/div>\n<style type=\"text\/css\" data-created_by=\"avia_inline_auto\" id=\"style-css-av-kd27j-5272f73ffb9c1aa55693992aef0d40f4\">\n#top .hr.hr-invisible.av-kd27j-5272f73ffb9c1aa55693992aef0d40f4{\nheight:15px;\n}\n<\/style>\n<div  class='hr av-kd27j-5272f73ffb9c1aa55693992aef0d40f4 hr-invisible  avia-builder-el-8  el_after_av_one_half  avia-builder-el-last '><span class='hr-inner '><span class=\"hr-inner-style\"><\/span><\/span><\/div>\n<\/div><\/div><\/div><!-- close content main div --><\/div><\/div>\n<style type=\"text\/css\" data-created_by=\"avia_inline_auto\" id=\"style-css-av-cxofr-0a9562be8a56b37cada251008aba301e\">\n.avia-section.av-cxofr-0a9562be8a56b37cada251008aba301e{\nbackground-color:#ededed;\nbackground-image:unset;\n}\n<\/style>\n<div id='av_section_2'  class='avia-section av-cxofr-0a9562be8a56b37cada251008aba301e main_color avia-section-default avia-no-border-styling  avia-builder-el-9  el_after_av_section  avia-builder-el-last  avia-bg-style-scroll container_wrap sidebar_right'  ><div class='container av-section-cont-open' ><div class='template-page content  av-content-small alpha units'><div class='post-entry post-entry-type-page post-entry-5439'><div class='entry-content-wrapper clearfix'>\n<div id='av-masonry-1' class='av-masonry av-89kqn-0dcd7ff768d8a2d9c264b986cae16eb7 noHover av-fixed-size av-large-gap av-hover-overlay- av-masonry-animation-active av-masonry-col-3 av-caption-always av-caption-style- av-masonry-gallery ' data-post_id=\"5439\"><div class=\"av-masonry-container isotope av-js-disabled\"><div class='av-masonry-entry isotope-item av-masonry-item-no-image '><\/div><a href=\"https:\/\/pugliapools.com\/wp-content\/uploads\/2021\/10\/Enzo_1.jpg\" data-srcset=\"https:\/\/pugliapools.com\/wp-content\/uploads\/2021\/10\/Enzo_1.jpg 486w, https:\/\/pugliapools.com\/wp-content\/uploads\/2021\/10\/Enzo_1-300x247.jpg 300w\" data-sizes=\"(max-width: 486px) 100vw, 486px\"  aria-label=\"immagine Enzo_1\"  id='av-masonry-1-item-5275' data-av-masonry-item='5275' class='av-masonry-entry isotope-item post-5275 attachment type-attachment status-inherit hentry  av-masonry-item-with-image' title=\"Enzo_1\" alt=\"\"    itemprop=\"thumbnailUrl\" ><div class='av-inner-masonry-sizer'><\/div><figure class='av-inner-masonry main_color'><div class=\"av-masonry-outerimage-container\"><div class='av-masonry-image-container' style=\"background-image: url(https:\/\/pugliapools.com\/wp-content\/uploads\/2021\/10\/Enzo_1-486x375.jpg);\"  title=\"Enzo_1\" ><\/div><\/div><\/figure><\/a><!--end av-masonry entry--><a href=\"https:\/\/pugliapools.com\/wp-content\/uploads\/2021\/10\/Enzo_2.jpg\" data-srcset=\"https:\/\/pugliapools.com\/wp-content\/uploads\/2021\/10\/Enzo_2.jpg 486w, https:\/\/pugliapools.com\/wp-content\/uploads\/2021\/10\/Enzo_2-300x247.jpg 300w\" data-sizes=\"(max-width: 486px) 100vw, 486px\"  aria-label=\"immagine Enzo_2\"  id='av-masonry-1-item-5276' data-av-masonry-item='5276' class='av-masonry-entry isotope-item post-5276 attachment type-attachment status-inherit hentry  av-masonry-item-with-image' title=\"Enzo_2\" alt=\"\"    itemprop=\"thumbnailUrl\" ><div class='av-inner-masonry-sizer'><\/div><figure class='av-inner-masonry main_color'><div class=\"av-masonry-outerimage-container\"><div class='av-masonry-image-container' style=\"background-image: url(https:\/\/pugliapools.com\/wp-content\/uploads\/2021\/10\/Enzo_2-486x375.jpg);\"  title=\"Enzo_2\" ><\/div><\/div><\/figure><\/a><!--end av-masonry entry--><a href=\"https:\/\/pugliapools.com\/wp-content\/uploads\/2021\/10\/Enzo_3.jpg\" data-srcset=\"https:\/\/pugliapools.com\/wp-content\/uploads\/2021\/10\/Enzo_3.jpg 486w, https:\/\/pugliapools.com\/wp-content\/uploads\/2021\/10\/Enzo_3-300x247.jpg 300w\" data-sizes=\"(max-width: 486px) 100vw, 486px\"  aria-label=\"immagine Enzo_3\"  id='av-masonry-1-item-5277' data-av-masonry-item='5277' class='av-masonry-entry isotope-item post-5277 attachment type-attachment status-inherit hentry  av-masonry-item-with-image' title=\"Enzo_3\" alt=\"\"    itemprop=\"thumbnailUrl\" ><div class='av-inner-masonry-sizer'><\/div><figure class='av-inner-masonry main_color'><div class=\"av-masonry-outerimage-container\"><div class='av-masonry-image-container' style=\"background-image: url(https:\/\/pugliapools.com\/wp-content\/uploads\/2021\/10\/Enzo_3-486x375.jpg);\"  title=\"Enzo_3\" ><\/div><\/div><\/figure><\/a><!--end av-masonry entry--><a href=\"https:\/\/pugliapools.com\/wp-content\/uploads\/2021\/10\/Enzo_4.jpg\" data-srcset=\"https:\/\/pugliapools.com\/wp-content\/uploads\/2021\/10\/Enzo_4.jpg 486w, https:\/\/pugliapools.com\/wp-content\/uploads\/2021\/10\/Enzo_4-300x247.jpg 300w\" data-sizes=\"(max-width: 486px) 100vw, 486px\"  aria-label=\"immagine Enzo_4\"  id='av-masonry-1-item-5278' data-av-masonry-item='5278' class='av-masonry-entry isotope-item post-5278 attachment type-attachment status-inherit hentry  av-masonry-item-with-image' title=\"Enzo_4\" alt=\"\"    itemprop=\"thumbnailUrl\" ><div class='av-inner-masonry-sizer'><\/div><figure class='av-inner-masonry main_color'><div class=\"av-masonry-outerimage-container\"><div class='av-masonry-image-container' style=\"background-image: url(https:\/\/pugliapools.com\/wp-content\/uploads\/2021\/10\/Enzo_4-486x375.jpg);\"  title=\"Enzo_4\" ><\/div><\/div><\/figure><\/a><!--end av-masonry entry--><a href=\"https:\/\/pugliapools.com\/wp-content\/uploads\/2021\/10\/Enzo_6.jpg\" data-srcset=\"https:\/\/pugliapools.com\/wp-content\/uploads\/2021\/10\/Enzo_6.jpg 486w, https:\/\/pugliapools.com\/wp-content\/uploads\/2021\/10\/Enzo_6-300x247.jpg 300w\" data-sizes=\"(max-width: 486px) 100vw, 486px\"  aria-label=\"immagine Enzo_6\"  id='av-masonry-1-item-5280' data-av-masonry-item='5280' class='av-masonry-entry isotope-item post-5280 attachment type-attachment status-inherit hentry  av-masonry-item-with-image' title=\"Enzo_6\" alt=\"\"    itemprop=\"thumbnailUrl\" ><div class='av-inner-masonry-sizer'><\/div><figure class='av-inner-masonry main_color'><div class=\"av-masonry-outerimage-container\"><div class='av-masonry-image-container' style=\"background-image: url(https:\/\/pugliapools.com\/wp-content\/uploads\/2021\/10\/Enzo_6-486x375.jpg);\"  title=\"Enzo_6\" ><\/div><\/div><\/figure><\/a><!--end av-masonry entry--><a href=\"https:\/\/pugliapools.com\/wp-content\/uploads\/2021\/10\/Enzo_5.jpg\" data-srcset=\"https:\/\/pugliapools.com\/wp-content\/uploads\/2021\/10\/Enzo_5.jpg 486w, https:\/\/pugliapools.com\/wp-content\/uploads\/2021\/10\/Enzo_5-300x247.jpg 300w\" data-sizes=\"(max-width: 486px) 100vw, 486px\"  aria-label=\"immagine Enzo_5\"  id='av-masonry-1-item-5279' data-av-masonry-item='5279' class='av-masonry-entry isotope-item post-5279 attachment type-attachment status-inherit hentry  av-masonry-item-with-image' title=\"Enzo_5\" alt=\"\"    itemprop=\"thumbnailUrl\" ><div class='av-inner-masonry-sizer'><\/div><figure class='av-inner-masonry main_color'><div class=\"av-masonry-outerimage-container\"><div class='av-masonry-image-container' style=\"background-image: url(https:\/\/pugliapools.com\/wp-content\/uploads\/2021\/10\/Enzo_5-486x375.jpg);\"  title=\"Enzo_5\" ><\/div><\/div><\/figure><\/a><!--end av-masonry entry--><a href=\"https:\/\/pugliapools.com\/wp-content\/uploads\/2021\/10\/Enzo_7.jpg\" data-srcset=\"https:\/\/pugliapools.com\/wp-content\/uploads\/2021\/10\/Enzo_7.jpg 486w, https:\/\/pugliapools.com\/wp-content\/uploads\/2021\/10\/Enzo_7-300x247.jpg 300w\" data-sizes=\"(max-width: 486px) 100vw, 486px\"  aria-label=\"immagine Enzo_7\"  id='av-masonry-1-item-5281' data-av-masonry-item='5281' class='av-masonry-entry isotope-item post-5281 attachment type-attachment status-inherit hentry  av-masonry-item-with-image' title=\"Enzo_7\" alt=\"\"    itemprop=\"thumbnailUrl\" ><div class='av-inner-masonry-sizer'><\/div><figure class='av-inner-masonry main_color'><div class=\"av-masonry-outerimage-container\"><div class='av-masonry-image-container' style=\"background-image: url(https:\/\/pugliapools.com\/wp-content\/uploads\/2021\/10\/Enzo_7-486x375.jpg);\"  title=\"Enzo_7\" ><\/div><\/div><\/figure><\/a><!--end av-masonry entry--><a href=\"https:\/\/pugliapools.com\/wp-content\/uploads\/2021\/10\/Enzo_8.jpg\" data-srcset=\"https:\/\/pugliapools.com\/wp-content\/uploads\/2021\/10\/Enzo_8.jpg 486w, https:\/\/pugliapools.com\/wp-content\/uploads\/2021\/10\/Enzo_8-300x247.jpg 300w\" data-sizes=\"(max-width: 486px) 100vw, 486px\"  aria-label=\"immagine Enzo_8\"  id='av-masonry-1-item-5282' data-av-masonry-item='5282' class='av-masonry-entry isotope-item post-5282 attachment type-attachment status-inherit hentry  av-masonry-item-with-image' title=\"Enzo_8\" alt=\"\"    itemprop=\"thumbnailUrl\" ><div class='av-inner-masonry-sizer'><\/div><figure class='av-inner-masonry main_color'><div class=\"av-masonry-outerimage-container\"><div class='av-masonry-image-container' style=\"background-image: url(https:\/\/pugliapools.com\/wp-content\/uploads\/2021\/10\/Enzo_8-486x375.jpg);\"  title=\"Enzo_8\" ><\/div><\/div><\/figure><\/a><!--end av-masonry entry--><a href=\"https:\/\/pugliapools.com\/wp-content\/uploads\/2021\/10\/Enzo_9.jpg\" data-srcset=\"https:\/\/pugliapools.com\/wp-content\/uploads\/2021\/10\/Enzo_9.jpg 486w, https:\/\/pugliapools.com\/wp-content\/uploads\/2021\/10\/Enzo_9-300x247.jpg 300w\" data-sizes=\"(max-width: 486px) 100vw, 486px\"  aria-label=\"immagine Enzo_9\"  id='av-masonry-1-item-5283' data-av-masonry-item='5283' class='av-masonry-entry isotope-item post-5283 attachment type-attachment status-inherit hentry  av-masonry-item-with-image' title=\"Enzo_9\" alt=\"\"    itemprop=\"thumbnailUrl\" ><div class='av-inner-masonry-sizer'><\/div><figure class='av-inner-masonry main_color'><div class=\"av-masonry-outerimage-container\"><div class='av-masonry-image-container' style=\"background-image: url(https:\/\/pugliapools.com\/wp-content\/uploads\/2021\/10\/Enzo_9-486x375.jpg);\"  title=\"Enzo_9\" ><\/div><\/div><\/figure><\/a><!--end av-masonry entry--><a href=\"https:\/\/pugliapools.com\/wp-content\/uploads\/2021\/10\/Enzo_10.jpg\" data-srcset=\"https:\/\/pugliapools.com\/wp-content\/uploads\/2021\/10\/Enzo_10.jpg 486w, https:\/\/pugliapools.com\/wp-content\/uploads\/2021\/10\/Enzo_10-300x247.jpg 300w\" data-sizes=\"(max-width: 486px) 100vw, 486px\"  aria-label=\"immagine Enzo_10\"  id='av-masonry-1-item-5284' data-av-masonry-item='5284' class='av-masonry-entry isotope-item post-5284 attachment type-attachment status-inherit hentry  av-masonry-item-with-image' title=\"Enzo_10\" alt=\"\"    itemprop=\"thumbnailUrl\" ><div class='av-inner-masonry-sizer'><\/div><figure class='av-inner-masonry main_color'><div class=\"av-masonry-outerimage-container\"><div class='av-masonry-image-container' style=\"background-image: url(https:\/\/pugliapools.com\/wp-content\/uploads\/2021\/10\/Enzo_10-486x375.jpg);\"  title=\"Enzo_10\" ><\/div><\/div><\/figure><\/a><!--end av-masonry entry--><a href=\"https:\/\/pugliapools.com\/wp-content\/uploads\/2021\/10\/Enzo_11.jpg\" data-srcset=\"https:\/\/pugliapools.com\/wp-content\/uploads\/2021\/10\/Enzo_11.jpg 486w, https:\/\/pugliapools.com\/wp-content\/uploads\/2021\/10\/Enzo_11-300x247.jpg 300w\" data-sizes=\"(max-width: 486px) 100vw, 486px\"  aria-label=\"immagine Enzo_11\"  id='av-masonry-1-item-5285' data-av-masonry-item='5285' class='av-masonry-entry isotope-item post-5285 attachment type-attachment status-inherit hentry  av-masonry-item-with-image' title=\"Enzo_11\" alt=\"\"    itemprop=\"thumbnailUrl\" ><div class='av-inner-masonry-sizer'><\/div><figure class='av-inner-masonry main_color'><div class=\"av-masonry-outerimage-container\"><div class='av-masonry-image-container' style=\"background-image: url(https:\/\/pugliapools.com\/wp-content\/uploads\/2021\/10\/Enzo_11-486x375.jpg);\"  title=\"Enzo_11\" ><\/div><\/div><\/figure><\/a><!--end av-masonry entry--><a href=\"https:\/\/pugliapools.com\/wp-content\/uploads\/2021\/10\/Enzo_12.jpg\" data-srcset=\"https:\/\/pugliapools.com\/wp-content\/uploads\/2021\/10\/Enzo_12.jpg 486w, https:\/\/pugliapools.com\/wp-content\/uploads\/2021\/10\/Enzo_12-300x247.jpg 300w\" data-sizes=\"(max-width: 486px) 100vw, 486px\"  aria-label=\"immagine Enzo_12\"  id='av-masonry-1-item-5286' data-av-masonry-item='5286' class='av-masonry-entry isotope-item post-5286 attachment type-attachment status-inherit hentry  av-masonry-item-with-image' title=\"Enzo_12\" alt=\"\"    itemprop=\"thumbnailUrl\" ><div class='av-inner-masonry-sizer'><\/div><figure class='av-inner-masonry main_color'><div class=\"av-masonry-outerimage-container\"><div class='av-masonry-image-container' style=\"background-image: url(https:\/\/pugliapools.com\/wp-content\/uploads\/2021\/10\/Enzo_12-486x375.jpg);\"  title=\"Enzo_12\" ><\/div><\/div><\/figure><\/a><!--end av-masonry entry--><\/div><\/div>\n<\/div><\/div><\/div><!-- close content main div --><\/div><\/div><div id='after_section_2'  class='main_color av_default_container_wrap container_wrap sidebar_right'  ><div class='container av-section-cont-open' ><div class='template-page content  av-content-small alpha units'><div class='post-entry post-entry-type-page post-entry-5439'><div class='entry-content-wrapper clearfix'><\/p>\n","protected":false},"excerpt":{"rendered":"","protected":false},"author":3,"featured_media":0,"parent":0,"menu_order":0,"comment_status":"closed","ping_status":"closed","template":"","meta":{"_acf_changed":false,"footnotes":""},"class_list":["post-5439","page","type-page","status-publish","hentry"],"acf":[],"yoast_head":"<!-- This site is optimized with the Yoast SEO Premium plugin v24.2 (Yoast SEO v27.5) - https:\/\/yoast.com\/product\/yoast-seo-premium-wordpress\/ -->\n<title>Enzo - Puglia Pools<\/title>\n<meta name=\"robots\" content=\"index, nofollow, max-snippet:-1, max-image-preview:large, max-video-preview:-1\" \/>\n<link rel=\"canonical\" href=\"https:\/\/pugliapools.com\/it\/enzo\/\" \/>\n<meta property=\"og:locale\" content=\"it_IT\" \/>\n<meta property=\"og:type\" content=\"article\" \/>\n<meta property=\"og:title\" content=\"Enzo\" \/>\n<meta property=\"og:url\" content=\"https:\/\/pugliapools.com\/it\/enzo\/\" \/>\n<meta property=\"og:site_name\" content=\"Puglia Pools\" \/>\n<meta property=\"article:publisher\" content=\"https:\/\/facebook.com\/pugliapools\/\" \/>\n<meta property=\"article:modified_time\" content=\"2022-02-24T05:20:35+00:00\" \/>\n<meta name=\"twitter:card\" content=\"summary_large_image\" \/>\n<meta name=\"twitter:label1\" content=\"Est. reading time\" \/>\n\t<meta name=\"twitter:data1\" content=\"3 minutes\" \/>\n<script type=\"application\/ld+json\" class=\"yoast-schema-graph\">{\"@context\":\"https:\\\/\\\/schema.org\",\"@graph\":[{\"@type\":\"WebPage\",\"@id\":\"https:\\\/\\\/pugliapools.com\\\/it\\\/enzo\\\/\",\"url\":\"https:\\\/\\\/pugliapools.com\\\/it\\\/enzo\\\/\",\"name\":\"Enzo - Puglia Pools\",\"isPartOf\":{\"@id\":\"https:\\\/\\\/pugliapools.com\\\/it\\\/#website\"},\"datePublished\":\"2021-11-14T04:14:02+00:00\",\"dateModified\":\"2022-02-24T05:20:35+00:00\",\"breadcrumb\":{\"@id\":\"https:\\\/\\\/pugliapools.com\\\/it\\\/enzo\\\/#breadcrumb\"},\"inLanguage\":\"it-IT\",\"potentialAction\":[{\"@type\":\"ReadAction\",\"target\":[\"https:\\\/\\\/pugliapools.com\\\/it\\\/enzo\\\/\"]}]},{\"@type\":\"BreadcrumbList\",\"@id\":\"https:\\\/\\\/pugliapools.com\\\/it\\\/enzo\\\/#breadcrumb\",\"itemListElement\":[{\"@type\":\"ListItem\",\"position\":1,\"name\":\"Home\",\"item\":\"https:\\\/\\\/pugliapools.com\\\/it\\\/\"},{\"@type\":\"ListItem\",\"position\":2,\"name\":\"Enzo\"}]},{\"@type\":\"WebSite\",\"@id\":\"https:\\\/\\\/pugliapools.com\\\/it\\\/#website\",\"url\":\"https:\\\/\\\/pugliapools.com\\\/it\\\/\",\"name\":\"Puglia Pools\",\"description\":\"Dive into your dreams\",\"publisher\":{\"@id\":\"https:\\\/\\\/pugliapools.com\\\/it\\\/#organization\"},\"potentialAction\":[{\"@type\":\"SearchAction\",\"target\":{\"@type\":\"EntryPoint\",\"urlTemplate\":\"https:\\\/\\\/pugliapools.com\\\/it\\\/?s={search_term_string}\"},\"query-input\":{\"@type\":\"PropertyValueSpecification\",\"valueRequired\":true,\"valueName\":\"search_term_string\"}}],\"inLanguage\":\"it-IT\"},{\"@type\":\"Organization\",\"@id\":\"https:\\\/\\\/pugliapools.com\\\/it\\\/#organization\",\"name\":\"Puglia Pools SRL\",\"url\":\"https:\\\/\\\/pugliapools.com\\\/it\\\/\",\"logo\":{\"@type\":\"ImageObject\",\"inLanguage\":\"it-IT\",\"@id\":\"https:\\\/\\\/pugliapools.com\\\/it\\\/#\\\/schema\\\/logo\\\/image\\\/\",\"url\":\"http:\\\/\\\/pugliapools.com\\\/wp-content\\\/uploads\\\/2021\\\/09\\\/puglia-pools-logo.png\",\"contentUrl\":\"http:\\\/\\\/pugliapools.com\\\/wp-content\\\/uploads\\\/2021\\\/09\\\/puglia-pools-logo.png\",\"width\":340,\"height\":130,\"caption\":\"Puglia Pools SRL\"},\"image\":{\"@id\":\"https:\\\/\\\/pugliapools.com\\\/it\\\/#\\\/schema\\\/logo\\\/image\\\/\"},\"sameAs\":[\"https:\\\/\\\/facebook.com\\\/pugliapools\\\/\",\"https:\\\/\\\/www.instagram.com\\\/pugliapools\\\/\"]}]}<\/script>\n<!-- \/ Yoast SEO Premium plugin. -->","yoast_head_json":{"title":"Enzo - Puglia Pools","robots":{"index":"index","follow":"nofollow","max-snippet":"max-snippet:-1","max-image-preview":"max-image-preview:large","max-video-preview":"max-video-preview:-1"},"canonical":"https:\/\/pugliapools.com\/it\/enzo\/","og_locale":"it_IT","og_type":"article","og_title":"Enzo","og_url":"https:\/\/pugliapools.com\/it\/enzo\/","og_site_name":"Puglia Pools","article_publisher":"https:\/\/facebook.com\/pugliapools\/","article_modified_time":"2022-02-24T05:20:35+00:00","twitter_card":"summary_large_image","twitter_misc":{"Est. reading time":"3 minutes"},"schema":{"@context":"https:\/\/schema.org","@graph":[{"@type":"WebPage","@id":"https:\/\/pugliapools.com\/it\/enzo\/","url":"https:\/\/pugliapools.com\/it\/enzo\/","name":"Enzo - Puglia Pools","isPartOf":{"@id":"https:\/\/pugliapools.com\/it\/#website"},"datePublished":"2021-11-14T04:14:02+00:00","dateModified":"2022-02-24T05:20:35+00:00","breadcrumb":{"@id":"https:\/\/pugliapools.com\/it\/enzo\/#breadcrumb"},"inLanguage":"it-IT","potentialAction":[{"@type":"ReadAction","target":["https:\/\/pugliapools.com\/it\/enzo\/"]}]},{"@type":"BreadcrumbList","@id":"https:\/\/pugliapools.com\/it\/enzo\/#breadcrumb","itemListElement":[{"@type":"ListItem","position":1,"name":"Home","item":"https:\/\/pugliapools.com\/it\/"},{"@type":"ListItem","position":2,"name":"Enzo"}]},{"@type":"WebSite","@id":"https:\/\/pugliapools.com\/it\/#website","url":"https:\/\/pugliapools.com\/it\/","name":"Puglia Pools","description":"Dive into your dreams","publisher":{"@id":"https:\/\/pugliapools.com\/it\/#organization"},"potentialAction":[{"@type":"SearchAction","target":{"@type":"EntryPoint","urlTemplate":"https:\/\/pugliapools.com\/it\/?s={search_term_string}"},"query-input":{"@type":"PropertyValueSpecification","valueRequired":true,"valueName":"search_term_string"}}],"inLanguage":"it-IT"},{"@type":"Organization","@id":"https:\/\/pugliapools.com\/it\/#organization","name":"Puglia Pools SRL","url":"https:\/\/pugliapools.com\/it\/","logo":{"@type":"ImageObject","inLanguage":"it-IT","@id":"https:\/\/pugliapools.com\/it\/#\/schema\/logo\/image\/","url":"http:\/\/pugliapools.com\/wp-content\/uploads\/2021\/09\/puglia-pools-logo.png","contentUrl":"http:\/\/pugliapools.com\/wp-content\/uploads\/2021\/09\/puglia-pools-logo.png","width":340,"height":130,"caption":"Puglia Pools SRL"},"image":{"@id":"https:\/\/pugliapools.com\/it\/#\/schema\/logo\/image\/"},"sameAs":["https:\/\/facebook.com\/pugliapools\/","https:\/\/www.instagram.com\/pugliapools\/"]}]}},"_links":{"self":[{"href":"https:\/\/pugliapools.com\/it\/wp-json\/wp\/v2\/pages\/5439","targetHints":{"allow":["GET"]}}],"collection":[{"href":"https:\/\/pugliapools.com\/it\/wp-json\/wp\/v2\/pages"}],"about":[{"href":"https:\/\/pugliapools.com\/it\/wp-json\/wp\/v2\/types\/page"}],"author":[{"embeddable":true,"href":"https:\/\/pugliapools.com\/it\/wp-json\/wp\/v2\/users\/3"}],"replies":[{"embeddable":true,"href":"https:\/\/pugliapools.com\/it\/wp-json\/wp\/v2\/comments?post=5439"}],"version-history":[{"count":0,"href":"https:\/\/pugliapools.com\/it\/wp-json\/wp\/v2\/pages\/5439\/revisions"}],"wp:attachment":[{"href":"https:\/\/pugliapools.com\/it\/wp-json\/wp\/v2\/media?parent=5439"}],"curies":[{"name":"wp","href":"https:\/\/api.w.org\/{rel}","templated":true}]}}