{"id":7180,"date":"2021-09-07T22:58:30","date_gmt":"2021-09-07T21:58:30","guid":{"rendered":"https:\/\/pugliapools.com\/blog\/"},"modified":"2024-12-16T20:28:18","modified_gmt":"2024-12-16T19:28:18","slug":"blog","status":"publish","type":"page","link":"https:\/\/pugliapools.com\/it\/blog\/","title":{"rendered":"Blog"},"content":{"rendered":"<div id='full_slider_1'  class='avia-fullwidth-slider main_color avia-shadow   avia-builder-el-0  el_before_av_section  avia-builder-el-first   container_wrap sidebar_right'  >\n<style type=\"text\/css\" data-created_by=\"avia_inline_auto\" id=\"style-css-av-ktw6bplm-b158833e7641b00ad8ae920255775ca2\">\n#top #wrap_all .avia-slideshow .av-slideshow-caption.av-ktw6bplm-b158833e7641b00ad8ae920255775ca2__0 .avia-caption-title{\nfont-size:60px;\ncolor:#213143;\n}\n#top .avia-slideshow .av-slideshow-caption.av-ktw6bplm-b158833e7641b00ad8ae920255775ca2__0 .avia-caption-content{\nfont-size:60px;\ncolor:#213143;\n}\n#top .avia-slideshow .av-slideshow-caption.av-ktw6bplm-b158833e7641b00ad8ae920255775ca2__0 .avia-caption-content p{\nfont-size:60px;\n}\n\n@media only screen and (min-width: 768px) and (max-width: 989px){ \n#top #wrap_all .avia-slideshow .av-slideshow-caption.av-ktw6bplm-b158833e7641b00ad8ae920255775ca2__0 .avia-caption-title{\nfont-size:48px;\n}\n#top .avia-slideshow .av-slideshow-caption.av-ktw6bplm-b158833e7641b00ad8ae920255775ca2__0 .avia-caption-content{\nfont-size:48px;\n}\n#top .avia-slideshow .av-slideshow-caption.av-ktw6bplm-b158833e7641b00ad8ae920255775ca2__0 .avia-caption-content p{\nfont-size:48px;\n}\n}\n\n@media only screen and (min-width: 480px) and (max-width: 767px){ \n#top #wrap_all .avia-slideshow .av-slideshow-caption.av-ktw6bplm-b158833e7641b00ad8ae920255775ca2__0 .avia-caption-title{\nfont-size:36px;\n}\n#top .avia-slideshow .av-slideshow-caption.av-ktw6bplm-b158833e7641b00ad8ae920255775ca2__0 .avia-caption-content{\nfont-size:36px;\n}\n#top .avia-slideshow .av-slideshow-caption.av-ktw6bplm-b158833e7641b00ad8ae920255775ca2__0 .avia-caption-content p{\nfont-size:36px;\n}\n}\n\n@media only screen and (max-width: 479px){ \n#top #wrap_all .avia-slideshow .av-slideshow-caption.av-ktw6bplm-b158833e7641b00ad8ae920255775ca2__0 .avia-caption-title{\nfont-size:18px;\n}\n#top .avia-slideshow .av-slideshow-caption.av-ktw6bplm-b158833e7641b00ad8ae920255775ca2__0 .avia-caption-content{\nfont-size:18px;\n}\n#top .avia-slideshow .av-slideshow-caption.av-ktw6bplm-b158833e7641b00ad8ae920255775ca2__0 .avia-caption-content p{\nfont-size:18px;\n}\n}\n<\/style>\n<div  class='avia-slideshow av-ktw6bplm-b158833e7641b00ad8ae920255775ca2 avia-slideshow-featured av_slideshow_full avia-slide-slider av-slideshow-ui av-control-default av-slideshow-manual av-loop-once av-loop-manual-endless av-default-height-applied   avia-slideshow-1' data-slideshow-options=\"{&quot;animation&quot;:&quot;slide&quot;,&quot;autoplay&quot;:false,&quot;loop_autoplay&quot;:&quot;once&quot;,&quot;interval&quot;:5,&quot;loop_manual&quot;:&quot;manual-endless&quot;,&quot;autoplay_stopper&quot;:false,&quot;noNavigation&quot;:false,&quot;bg_slider&quot;:false,&quot;keep_padding&quot;:false,&quot;hoverpause&quot;:false,&quot;show_slide_delay&quot;:0}\"  itemprop=\"image\" itemscope=\"itemscope\" itemtype=\"https:\/\/schema.org\/ImageObject\" ><ul class='avia-slideshow-inner ' style='padding-bottom: 16.666666666667%;'><li  class='avia-slideshow-slide av-ktw6bplm-b158833e7641b00ad8ae920255775ca2__0  av-single-slide slide-1 slide-odd'><div data-rel='slideshow-1' class='avia-slide-wrap '   ><div class='av-slideshow-caption av-ktw6bplm-b158833e7641b00ad8ae920255775ca2__0 caption_fullwidth caption_center caption_center_framed caption_framed'><div class=\"container caption_container\"><div class=\"slideshow_caption\"><div class=\"slideshow_inner_caption\"><div class=\"slideshow_align_caption\"><h1 class='avia-caption-title '  itemprop=\"name\" >Ultime notizie<\/h1><\/div><\/div><\/div><\/div><\/div><img decoding=\"async\" fetchpriority=\"high\" class=\"wp-image-7952 avia-img-lazy-loading-not-7952\"  src=\"https:\/\/pugliapools.com\/wp-content\/uploads\/2024\/12\/Blog-Main-2000-250-1500x250.jpg\" width=\"1500\" height=\"250\" title='Blog-Main-2000-250' alt=''  itemprop=\"thumbnailUrl\"  style='min-height:100px; min-width:600px; ' \/><div class='av-section-color-overlay' style='opacity: 0.5; background-color: #30b9ef; '><\/div><\/div><\/li><\/ul><\/div><\/div>\n\n<style type=\"text\/css\" data-created_by=\"avia_inline_auto\" id=\"style-css-av-qisy-c9e064b74eab8821b9159442bf1907d5\">\n.avia-section.av-qisy-c9e064b74eab8821b9159442bf1907d5{\nbackground-color:#efefef;\nbackground-image:unset;\n}\n<\/style>\n<div id='av_section_1'  class='avia-section av-qisy-c9e064b74eab8821b9159442bf1907d5 main_color avia-section-default avia-no-border-styling  avia-builder-el-1  el_after_av_slideshow_full  el_before_av_blog  avia-bg-style-scroll container_wrap sidebar_right'  ><div class='container av-section-cont-open' ><div class='template-page content  av-content-small alpha units'><div class='post-entry post-entry-type-page post-entry-7180'><div class='entry-content-wrapper clearfix'>\n\n<style type=\"text\/css\" data-created_by=\"avia_inline_auto\" id=\"style-css-av-kv77n0oo-5549a5240b45776a5be70516b97bee12\">\n#top .av-special-heading.av-kv77n0oo-5549a5240b45776a5be70516b97bee12{\npadding-bottom:10px;\n}\nbody .av-special-heading.av-kv77n0oo-5549a5240b45776a5be70516b97bee12 .av-special-heading-tag .heading-char{\nfont-size:25px;\n}\n.av-special-heading.av-kv77n0oo-5549a5240b45776a5be70516b97bee12 .av-subheading{\nfont-size:15px;\n}\n<\/style>\n<div  class='av-special-heading av-kv77n0oo-5549a5240b45776a5be70516b97bee12 av-special-heading-h2 blockquote modern-quote  avia-builder-el-2  el_before_av_textblock  avia-builder-el-first '><div class='av-subheading av-subheading_above'><p>ULTIME NOTIZIE<\/p>\n<\/div><h2 class='av-special-heading-tag '  itemprop=\"headline\"  >Cosa succede a Puglia Pools?<\/h2><div class=\"special-heading-border\"><div class=\"special-heading-inner-border\"><\/div><\/div><\/div>\n<section  class='av_textblock_section av-kv77kb6d-05db54be0d1c7689ecb375f64e4bfbf6 '   itemscope=\"itemscope\" itemtype=\"https:\/\/schema.org\/CreativeWork\" ><div class='avia_textblock'  itemprop=\"text\" ><p>Nel corso delle stagioni aggiungeremo al nostro blog altri articoli interessanti e informativi. Quindi, per essere sicuro di essere sempre aggiornato sui nostri ultimi progetti e sulle novit\u00e0 dei prodotti, torna regolarmente a trovarci per scoprire le novit\u00e0. Inviaci un messaggio se hai dei pensieri e delle opinioni su qualsiasi cosa che riguardi le piscine e cercheremo di trattare l&#8217;argomento nei prossimi articoli.<\/p>\n<\/div><\/section>\n<\/div><\/div><\/div><!-- close content main div --><\/div><\/div><div id='after_section_1'  class='main_color av_default_container_wrap container_wrap sidebar_right'  ><div class='container av-section-cont-open' ><div class='template-page content  av-content-small alpha units'><div class='post-entry post-entry-type-page post-entry-7180'><div class='entry-content-wrapper clearfix'>\n<div  class='av-alb-blogposts template-blog  av-blog-meta-author-disabled av-blog-meta-comments-disabled av-blog-meta-html-info-disabled av-blog-meta-tag-disabled '  itemscope=\"itemscope\" itemtype=\"https:\/\/schema.org\/Blog\" ><article class=\"post-entry post-entry-type-standard post-entry-8043 post-loop-1 post-parity-odd post-entry-last multi-big with-slider post-8043 post type-post status-publish format-standard has-post-thumbnail hentry category-piscina category-tutti\"  itemscope=\"itemscope\" itemtype=\"https:\/\/schema.org\/BlogPosting\" ><div class=\"blog-meta\"><a href='https:\/\/pugliapools.com\/it\/author\/graham\/' class='post-author-format-type'><span class='rounded-container'><img decoding=\"async\" alt='Graham Bayne' src=\"https:\/\/secure.gravatar.com\/avatar\/f337db8d7385b4d790912799ac5e9d9cb130d8b185c7f26f8d30752afc5260e4?s=81&#038;d=blank&#038;r=g\" srcset='https:\/\/secure.gravatar.com\/avatar\/f337db8d7385b4d790912799ac5e9d9cb130d8b185c7f26f8d30752afc5260e4?s=162&#038;d=blank&#038;r=g 2x' class='avatar avatar-81 photo' height=\"81\" width=\"81\" \/><span class='iconfont avia-svg-icon avia-font-svg_entypo-fontello' data-av_svg_icon='pencil' data-av_iconset='svg_entypo-fontello' ><svg version=\"1.1\" xmlns=\"http:\/\/www.w3.org\/2000\/svg\" width=\"25\" height=\"32\" viewBox=\"0 0 25 32\" preserveAspectRatio=\"xMidYMid meet\" role=\"graphics-symbol\" aria-hidden=\"true\">\n<path d=\"M22.976 5.44q1.024 1.024 1.504 2.048t0.48 1.536v0.512l-8.064 8.064-9.28 9.216-7.616 1.664 1.6-7.68 9.28-9.216 8.064-8.064q1.728-0.384 4.032 1.92zM7.168 25.92l0.768-0.768q-0.064-1.408-1.664-3.008-0.704-0.704-1.44-1.12t-1.12-0.416l-0.448-0.064-0.704 0.768-0.576 2.56q0.896 0.512 1.472 1.088 0.768 0.768 1.152 1.536z\"><\/path>\n<\/svg><\/span><\/span><\/a><\/div><div class='entry-content-wrapper clearfix standard-content'><header class=\"entry-content-header\" aria-label=\"Post: Riscaldamento solare della piscina: cosa offriamo\"><div class=\"av-heading-wrapper\"><h2 class='post-title entry-title '  itemprop=\"headline\" ><a href=\"https:\/\/pugliapools.com\/it\/pannelli-solari-di-riscaldamento-per-piscine-oku\/\" rel=\"bookmark\" title=\"Link Permanente: Riscaldamento solare della piscina: cosa offriamo\">Riscaldamento solare della piscina: cosa offriamo<span class=\"post-format-icon minor-meta\"><\/span><\/a><\/h2><span class=\"blog-categories minor-meta\"><a href=\"https:\/\/pugliapools.com\/it\/category\/piscina\/\" rel=\"tag\">Piscina<\/a>, <a href=\"https:\/\/pugliapools.com\/it\/category\/tutti\/\" rel=\"tag\">Tutti<\/a><\/span><\/div><\/header><span class=\"av-vertical-delimiter\"><\/span><div class=\"big-preview multi-big\"  itemprop=\"image\" itemscope=\"itemscope\" itemtype=\"https:\/\/schema.org\/ImageObject\" ><a href=\"https:\/\/pugliapools.com\/it\/pannelli-solari-di-riscaldamento-per-piscine-oku\/\"  title=\"solar panels\" ><img decoding=\"async\" fetchpriority=\"high\" width=\"845\" height=\"321\" src=\"https:\/\/pugliapools.com\/wp-content\/uploads\/2024\/12\/solar-panels-845x321.jpg\" class=\"wp-image-7946 avia-img-lazy-loading-not-7946 attachment-entry_with_sidebar size-entry_with_sidebar wp-post-image\" alt=\"\" \/><\/a><\/div><div class=\"entry-content\"  itemprop=\"text\" ><p>I sistemi di riscaldamento solare per piscine sono ideali se stai cercando un modo per prolungare la stagione degli affitti in autunno. Poich\u00e9 la concorrenza per le prenotazioni aumenta, offrire qualcosa che aiuti la tua propriet\u00e0 a distinguersi dalle altre ti aiuter\u00e0 a riempire quelle settimane in pi\u00f9 all&#8217;inizio e alla fine della stagione.I sistemi [&hellip;]<\/p>\n<div class=\"read-more-link\"><a href=\"https:\/\/pugliapools.com\/it\/pannelli-solari-di-riscaldamento-per-piscine-oku\/\" class=\"more-link\">Continua a leggere<span class='more-link-arrow avia-svg-icon avia-font-svg_entypo-fontello' data-av_svg_icon='right-open-big' data-av_iconset='svg_entypo-fontello'><svg version=\"1.1\" xmlns=\"http:\/\/www.w3.org\/2000\/svg\" width=\"15\" height=\"32\" viewBox=\"0 0 15 32\" preserveAspectRatio=\"xMidYMid meet\" role=\"graphics-symbol\" aria-hidden=\"true\">\n<path d=\"M0.416 27.84l11.456-11.84-11.456-11.904q-0.832-0.832 0-1.536 0.832-0.832 1.536 0l12.544 12.608q0.768 0.832 0 1.6l-12.544 12.608q-0.704 0.832-1.536 0-0.832-0.704 0-1.536z\"><\/path>\n<\/svg><\/span><\/a><\/div>\n<\/div><span class=\"post-meta-infos\"><time class=\"date-container minor-meta updated\"  itemprop=\"datePublished\" datetime=\"2025-01-06T16:43:20+01:00\" >6 January 2025<\/time><\/span><footer class=\"entry-footer\"><\/footer><div class='post_delimiter'><\/div><\/div><div class=\"post_author_timeline\"><\/div><span class='hidden'>\n\t\t\t\t<span class='av-structured-data'  itemprop=\"image\" itemscope=\"itemscope\" itemtype=\"https:\/\/schema.org\/ImageObject\" >\n\t\t\t\t\t\t<span itemprop='url'>https:\/\/pugliapools.com\/wp-content\/uploads\/2024\/12\/solar-panels.jpg<\/span>\n\t\t\t\t\t\t<span itemprop='height'>383<\/span>\n\t\t\t\t\t\t<span itemprop='width'>845<\/span>\n\t\t\t\t<\/span>\n\t\t\t\t<span class='av-structured-data'  itemprop=\"publisher\" itemtype=\"https:\/\/schema.org\/Organization\" itemscope=\"itemscope\" >\n\t\t\t\t\t\t<span itemprop='name'>Graham Bayne<\/span>\n\t\t\t\t\t\t<span itemprop='logo' itemscope itemtype='https:\/\/schema.org\/ImageObject'>\n\t\t\t\t\t\t\t<span itemprop='url'>http:\/\/pugliapools.com\/wp-content\/uploads\/2024\/12\/puglia-pools-logo-25b.png<\/span>\n\t\t\t\t\t\t<\/span>\n\t\t\t\t<\/span><span class='av-structured-data'  itemprop=\"author\" itemscope=\"itemscope\" itemtype=\"https:\/\/schema.org\/Person\" ><span itemprop='name'>Graham Bayne<\/span><\/span><span class='av-structured-data'  itemprop=\"datePublished\" datetime=\"2025-01-06T16:43:20+01:00\" >2025-01-06 16:43:20<\/span><span class='av-structured-data'  itemprop=\"dateModified\" itemtype=\"https:\/\/schema.org\/dateModified\" >2025-01-06 16:43:20<\/span><span class='av-structured-data'  itemprop=\"mainEntityOfPage\" itemtype=\"https:\/\/schema.org\/mainEntityOfPage\" ><span itemprop='name'>Riscaldamento solare della piscina: cosa offriamo<\/span><\/span><\/span><\/article><div class='multi-big'><\/div><\/div>\n","protected":false},"excerpt":{"rendered":"","protected":false},"author":2,"featured_media":0,"parent":0,"menu_order":0,"comment_status":"closed","ping_status":"closed","template":"","meta":{"_acf_changed":false,"footnotes":""},"class_list":["post-7180","page","type-page","status-publish","hentry"],"acf":[],"yoast_head":"<!-- This site is optimized with the Yoast SEO Premium plugin v24.2 (Yoast SEO v27.6) - https:\/\/yoast.com\/product\/yoast-seo-premium-wordpress\/ -->\n<title>Blog - Puglia Pools<\/title>\n<meta name=\"robots\" content=\"index, follow, max-snippet:-1, max-image-preview:large, max-video-preview:-1\" \/>\n<link rel=\"canonical\" href=\"https:\/\/pugliapools.com\/it\/blog\/\" \/>\n<meta property=\"og:locale\" content=\"it_IT\" \/>\n<meta property=\"og:type\" content=\"article\" \/>\n<meta property=\"og:title\" content=\"Blog\" \/>\n<meta property=\"og:url\" content=\"https:\/\/pugliapools.com\/it\/blog\/\" \/>\n<meta property=\"og:site_name\" content=\"Puglia Pools\" \/>\n<meta property=\"article:publisher\" content=\"https:\/\/facebook.com\/pugliapools\/\" \/>\n<meta property=\"article:modified_time\" content=\"2024-12-16T19:28:18+00:00\" \/>\n<meta name=\"twitter:card\" content=\"summary_large_image\" \/>\n<meta name=\"twitter:label1\" content=\"Est. reading time\" \/>\n\t<meta name=\"twitter:data1\" content=\"2 minutes\" \/>\n<script type=\"application\/ld+json\" class=\"yoast-schema-graph\">{\"@context\":\"https:\\\/\\\/schema.org\",\"@graph\":[{\"@type\":\"WebPage\",\"@id\":\"https:\\\/\\\/pugliapools.com\\\/it\\\/blog\\\/\",\"url\":\"https:\\\/\\\/pugliapools.com\\\/it\\\/blog\\\/\",\"name\":\"Blog - Puglia Pools\",\"isPartOf\":{\"@id\":\"https:\\\/\\\/pugliapools.com\\\/it\\\/#website\"},\"datePublished\":\"2021-09-07T21:58:30+00:00\",\"dateModified\":\"2024-12-16T19:28:18+00:00\",\"breadcrumb\":{\"@id\":\"https:\\\/\\\/pugliapools.com\\\/it\\\/blog\\\/#breadcrumb\"},\"inLanguage\":\"it-IT\",\"potentialAction\":[{\"@type\":\"ReadAction\",\"target\":[\"https:\\\/\\\/pugliapools.com\\\/it\\\/blog\\\/\"]}]},{\"@type\":\"BreadcrumbList\",\"@id\":\"https:\\\/\\\/pugliapools.com\\\/it\\\/blog\\\/#breadcrumb\",\"itemListElement\":[{\"@type\":\"ListItem\",\"position\":1,\"name\":\"Home\",\"item\":\"https:\\\/\\\/pugliapools.com\\\/it\\\/\"},{\"@type\":\"ListItem\",\"position\":2,\"name\":\"Blog\"}]},{\"@type\":\"WebSite\",\"@id\":\"https:\\\/\\\/pugliapools.com\\\/it\\\/#website\",\"url\":\"https:\\\/\\\/pugliapools.com\\\/it\\\/\",\"name\":\"Puglia Pools\",\"description\":\"Dive into your dreams\",\"publisher\":{\"@id\":\"https:\\\/\\\/pugliapools.com\\\/it\\\/#organization\"},\"potentialAction\":[{\"@type\":\"SearchAction\",\"target\":{\"@type\":\"EntryPoint\",\"urlTemplate\":\"https:\\\/\\\/pugliapools.com\\\/it\\\/?s={search_term_string}\"},\"query-input\":{\"@type\":\"PropertyValueSpecification\",\"valueRequired\":true,\"valueName\":\"search_term_string\"}}],\"inLanguage\":\"it-IT\"},{\"@type\":\"Organization\",\"@id\":\"https:\\\/\\\/pugliapools.com\\\/it\\\/#organization\",\"name\":\"Puglia Pools SRL\",\"url\":\"https:\\\/\\\/pugliapools.com\\\/it\\\/\",\"logo\":{\"@type\":\"ImageObject\",\"inLanguage\":\"it-IT\",\"@id\":\"https:\\\/\\\/pugliapools.com\\\/it\\\/#\\\/schema\\\/logo\\\/image\\\/\",\"url\":\"http:\\\/\\\/pugliapools.com\\\/wp-content\\\/uploads\\\/2021\\\/09\\\/puglia-pools-logo.png\",\"contentUrl\":\"http:\\\/\\\/pugliapools.com\\\/wp-content\\\/uploads\\\/2021\\\/09\\\/puglia-pools-logo.png\",\"width\":340,\"height\":130,\"caption\":\"Puglia Pools SRL\"},\"image\":{\"@id\":\"https:\\\/\\\/pugliapools.com\\\/it\\\/#\\\/schema\\\/logo\\\/image\\\/\"},\"sameAs\":[\"https:\\\/\\\/facebook.com\\\/pugliapools\\\/\",\"https:\\\/\\\/www.instagram.com\\\/pugliapools\\\/\"]}]}<\/script>\n<!-- \/ Yoast SEO Premium plugin. -->","yoast_head_json":{"title":"Blog - Puglia Pools","robots":{"index":"index","follow":"follow","max-snippet":"max-snippet:-1","max-image-preview":"max-image-preview:large","max-video-preview":"max-video-preview:-1"},"canonical":"https:\/\/pugliapools.com\/it\/blog\/","og_locale":"it_IT","og_type":"article","og_title":"Blog","og_url":"https:\/\/pugliapools.com\/it\/blog\/","og_site_name":"Puglia Pools","article_publisher":"https:\/\/facebook.com\/pugliapools\/","article_modified_time":"2024-12-16T19:28:18+00:00","twitter_card":"summary_large_image","twitter_misc":{"Est. reading time":"2 minutes"},"schema":{"@context":"https:\/\/schema.org","@graph":[{"@type":"WebPage","@id":"https:\/\/pugliapools.com\/it\/blog\/","url":"https:\/\/pugliapools.com\/it\/blog\/","name":"Blog - Puglia Pools","isPartOf":{"@id":"https:\/\/pugliapools.com\/it\/#website"},"datePublished":"2021-09-07T21:58:30+00:00","dateModified":"2024-12-16T19:28:18+00:00","breadcrumb":{"@id":"https:\/\/pugliapools.com\/it\/blog\/#breadcrumb"},"inLanguage":"it-IT","potentialAction":[{"@type":"ReadAction","target":["https:\/\/pugliapools.com\/it\/blog\/"]}]},{"@type":"BreadcrumbList","@id":"https:\/\/pugliapools.com\/it\/blog\/#breadcrumb","itemListElement":[{"@type":"ListItem","position":1,"name":"Home","item":"https:\/\/pugliapools.com\/it\/"},{"@type":"ListItem","position":2,"name":"Blog"}]},{"@type":"WebSite","@id":"https:\/\/pugliapools.com\/it\/#website","url":"https:\/\/pugliapools.com\/it\/","name":"Puglia Pools","description":"Dive into your dreams","publisher":{"@id":"https:\/\/pugliapools.com\/it\/#organization"},"potentialAction":[{"@type":"SearchAction","target":{"@type":"EntryPoint","urlTemplate":"https:\/\/pugliapools.com\/it\/?s={search_term_string}"},"query-input":{"@type":"PropertyValueSpecification","valueRequired":true,"valueName":"search_term_string"}}],"inLanguage":"it-IT"},{"@type":"Organization","@id":"https:\/\/pugliapools.com\/it\/#organization","name":"Puglia Pools SRL","url":"https:\/\/pugliapools.com\/it\/","logo":{"@type":"ImageObject","inLanguage":"it-IT","@id":"https:\/\/pugliapools.com\/it\/#\/schema\/logo\/image\/","url":"http:\/\/pugliapools.com\/wp-content\/uploads\/2021\/09\/puglia-pools-logo.png","contentUrl":"http:\/\/pugliapools.com\/wp-content\/uploads\/2021\/09\/puglia-pools-logo.png","width":340,"height":130,"caption":"Puglia Pools SRL"},"image":{"@id":"https:\/\/pugliapools.com\/it\/#\/schema\/logo\/image\/"},"sameAs":["https:\/\/facebook.com\/pugliapools\/","https:\/\/www.instagram.com\/pugliapools\/"]}]}},"_links":{"self":[{"href":"https:\/\/pugliapools.com\/it\/wp-json\/wp\/v2\/pages\/7180","targetHints":{"allow":["GET"]}}],"collection":[{"href":"https:\/\/pugliapools.com\/it\/wp-json\/wp\/v2\/pages"}],"about":[{"href":"https:\/\/pugliapools.com\/it\/wp-json\/wp\/v2\/types\/page"}],"author":[{"embeddable":true,"href":"https:\/\/pugliapools.com\/it\/wp-json\/wp\/v2\/users\/2"}],"replies":[{"embeddable":true,"href":"https:\/\/pugliapools.com\/it\/wp-json\/wp\/v2\/comments?post=7180"}],"version-history":[{"count":3,"href":"https:\/\/pugliapools.com\/it\/wp-json\/wp\/v2\/pages\/7180\/revisions"}],"predecessor-version":[{"id":7995,"href":"https:\/\/pugliapools.com\/it\/wp-json\/wp\/v2\/pages\/7180\/revisions\/7995"}],"wp:attachment":[{"href":"https:\/\/pugliapools.com\/it\/wp-json\/wp\/v2\/media?parent=7180"}],"curies":[{"name":"wp","href":"https:\/\/api.w.org\/{rel}","templated":true}]}}